{"id":106,"date":"2022-12-27T13:52:21","date_gmt":"2022-12-27T12:52:21","guid":{"rendered":"https:\/\/isilex-go-green.de\/?page_id=106"},"modified":"2023-05-06T21:17:27","modified_gmt":"2023-05-06T19:17:27","slug":"willkommen-bei-uns","status":"publish","type":"page","link":"https:\/\/isilex-go-green.de\/en\/","title":{"rendered":"Home"},"content":{"rendered":"\n<h3 class=\"wp-block-heading\"><strong>Hall\u00f6chen zun\u00e4chst einmal und sch\u00f6n, dass du zu uns gefunden hast!<\/strong><\/h3>\n\n\n\n<p>Wir sind ein junges P\u00e4rchen, welches versucht seinen \u00f6kologischen Fu\u00dfabdruck zu verbessern und wir m\u00f6chten das mit dir teilen! <\/p>\n\n\n\n<p>Dar\u00fcber hinaus dient dieser Blog f\u00fcr uns (Isabelle &amp; Alex) als M\u00f6glichkeit der Selbstreflexion, um zu \u00fcberpr\u00fcfen wie Nachhaltig wir wirklich sind und an welchen Stellschrauben wir noch drehen k\u00f6nnen\/m\u00fcssen. <\/p>\n\n\n\n<p>Da jeder von uns unterschiedliche Interessengebiete hat, m\u00f6chten wir ein relativ breites Portfolio an nachhaltigen Themen anbieten. So z\u00e4hlen zu unseren Kernthemen <strong>nachhaltiger reisen, nachhaltig kochen, nachhaltig Konsumelektronik nutzen und nachhaltig wohnen<\/strong>. <\/p>\n\n\n\n<p>Wenn du mehr \u00fcber die einzelnen Themen wissen m\u00f6chtest, empfehle ich dir auf unserer <a href=\"https:\/\/isilex-go-green.de\/de_blog\/\" data-type=\"page\" data-id=\"161\">\u00dcbersichtsseite der Kategorien<\/a> vorbeizuschauen und dich Mal durch die Kategorien zu klicken. Dort erf\u00e4hrst du detaillierter was dich erwartet.<\/p>\n\n\n\n<p><\/p>\n\n\n\n<h1 class=\"wp-block-heading\">Neue Beitr\u00e4ge<\/h1>\n\n\n<ul class=\"wp-block-kadence-posts kb-posts kadence-posts-list kb-posts-id-_e99917-b6 content-wrap grid-cols kb-posts-style-unboxed grid-sm-col-1 grid-lg-col-3 item-image-style-above\"><li class=\"kb-post-list-item\">\n\t<article class=\"entry content-bg loop-entry post-689 post type-post status-publish format-standard has-post-thumbnail hentry category-allgemein category-de_isisstuff tag-low-waste tag-nachhaltigkeit tag-zero-waste\">\n\t\t\t\t<a aria-hidden=\"true\" tabindex=\"-1\" role=\"presentation\" class=\"post-thumbnail kadence-thumbnail-ratio-1-1\" href=\"https:\/\/isilex-go-green.de\/en\/die-basics-teil-1\/\" aria-label=\"Die Basics (Teil 1)\">\n\t\t\t<div class=\"post-thumbnail-inner\">\n\t\t\t\t<img loading=\"lazy\" decoding=\"async\" width=\"300\" height=\"281\" src=\"https:\/\/isilex-go-green.de\/wp-content\/uploads\/2024\/05\/Die-5-Rs-300x281.png\" class=\"attachment-medium size-medium wp-post-image\" alt=\"Die Basics (Teil 1)\" srcset=\"https:\/\/isilex-go-green.de\/wp-content\/uploads\/2024\/05\/Die-5-Rs-300x281.png 300w, https:\/\/isilex-go-green.de\/wp-content\/uploads\/2024\/05\/Die-5-Rs-13x12.png 13w, https:\/\/isilex-go-green.de\/wp-content\/uploads\/2024\/05\/Die-5-Rs.png 768w\" sizes=\"auto, (max-width: 300px) 100vw, 300px\" \/>\t\t\t<\/div>\n\t\t<\/a><!-- .post-thumbnail -->\n\t\t\t\t<div class=\"entry-content-wrap\">\n\t\t\t<header class=\"entry-header\">\n\t\t<div class=\"entry-taxonomies\">\n\t\t<span class=\"category-links term-links category-style-normal\">\n\t\t\t<a href=\"https:\/\/isilex-go-green.de\/en\/category\/allgemein\/\" rel=\"category tag\">Allgemein<\/a> | <a href=\"https:\/\/isilex-go-green.de\/en\/category\/de_isisstuff\/\" rel=\"category tag\">Isi&#8217;s Zeug<\/a>\t\t<\/span>\n\t<\/div><!-- .entry-taxonomies -->\n\t<h5 class=\"entry-title\"><a href=\"https:\/\/isilex-go-green.de\/en\/die-basics-teil-1\/\" rel=\"bookmark\">Die Basics (Teil 1)<\/a><\/h5>\t<div class=\"entry-meta entry-meta-divider-dot\">\n\t<span class=\"posted-by\"><span class=\"author vcard\"><span class=\"fn n\">Isabelle<\/span><\/span><\/span>\t\t\t<span class=\"posted-on\">\n\t\t\t\t<time class=\"entry-date published\" datetime=\"2024-05-25T15:23:13+02:00\">25. May 2024<\/time><time class=\"updated\" datetime=\"2024-06-16T14:46:27+02:00\">16. June 2024<\/time>\t\t\t<\/span>\n\t\t\t\t<\/div><!-- .entry-meta -->\n\t<\/header><!-- .entry-header -->\n\t<div class=\"entry-summary\">\n\t\t<p>Hallo meine Freunde :), Da ich mich neben dem Thema Nachhaltigkeit, auch sehr f\u00fcr die Themen M\u00fcllvermeidung, Low Waste und Zero Waste begeistere, wollte ich euch auch ein Basics mitgeben, die ich gelernt habe. Wobei diese Themen Hand in Hand gehen, d.h. wenn du M\u00fcll vermeidest und weniger konsumierst bist du ja auch nachhaltiger. Die [&hellip;]<\/p>\n\t<\/div><!-- .entry-summary -->\n\t<footer class=\"entry-footer\">\n\t\t\t<div class=\"entry-actions\">\n\t\t\t<p class=\"more-link-wrap\">\n\t\t\t\t<a href=\"https:\/\/isilex-go-green.de\/en\/die-basics-teil-1\/\" class=\"post-more-link\">\n\t\t\t\t\tRead More<span class=\"screen-reader-text\"> Die Basics (Teil 1)<\/span><span class=\"kadence-svg-iconset svg-baseline\"><svg aria-hidden=\"true\" class=\"kadence-svg-icon kadence-arrow-right-alt-svg\" fill=\"currentColor\" version=\"1.1\" xmlns=\"http:\/\/www.w3.org\/2000\/svg\" width=\"27\" height=\"28\" viewBox=\"0 0 27 28\"><title>Continue<\/title><path d=\"M27 13.953c0 0.141-0.063 0.281-0.156 0.375l-6 5.531c-0.156 0.141-0.359 0.172-0.547 0.094-0.172-0.078-0.297-0.25-0.297-0.453v-3.5h-19.5c-0.281 0-0.5-0.219-0.5-0.5v-3c0-0.281 0.219-0.5 0.5-0.5h19.5v-3.5c0-0.203 0.109-0.375 0.297-0.453s0.391-0.047 0.547 0.078l6 5.469c0.094 0.094 0.156 0.219 0.156 0.359v0z\"><\/path>\n\t\t\t<\/svg><\/span>\t\t\t\t<\/a>\n\t\t\t<\/p>\n\t\t<\/div><!-- .entry-actions -->\n\t\t<\/footer><!-- .entry-footer -->\t\t<\/div>\n\t<\/article>\n<\/li>\n<li class=\"kb-post-list-item\">\n\t<article class=\"entry content-bg loop-entry post-661 post type-post status-publish format-standard hentry category-allgemein category-de_isisstuff tag-nachhaltigkeit tag-universitaet\">\n\t\t\t\t<div class=\"entry-content-wrap\">\n\t\t\t<header class=\"entry-header\">\n\t\t<div class=\"entry-taxonomies\">\n\t\t<span class=\"category-links term-links category-style-normal\">\n\t\t\t<a href=\"https:\/\/isilex-go-green.de\/en\/category\/allgemein\/\" rel=\"category tag\">Allgemein<\/a> | <a href=\"https:\/\/isilex-go-green.de\/en\/category\/de_isisstuff\/\" rel=\"category tag\">Isi&#8217;s Zeug<\/a>\t\t<\/span>\n\t<\/div><!-- .entry-taxonomies -->\n\t<h5 class=\"entry-title\"><a href=\"https:\/\/isilex-go-green.de\/en\/nachhaltiger-zur-uni-teil-1\/\" rel=\"bookmark\">Nachhaltiger zur Uni (Teil 1)<\/a><\/h5>\t<div class=\"entry-meta entry-meta-divider-dot\">\n\t<span class=\"posted-by\"><span class=\"author vcard\"><span class=\"fn n\">Isabelle<\/span><\/span><\/span>\t\t\t<span class=\"posted-on\">\n\t\t\t\t<time class=\"entry-date published\" datetime=\"2024-05-23T00:08:13+02:00\">23. May 2024<\/time><time class=\"updated\" datetime=\"2024-05-23T00:11:31+02:00\">23. May 2024<\/time>\t\t\t<\/span>\n\t\t\t\t<\/div><!-- .entry-meta -->\n\t<\/header><!-- .entry-header -->\n\t<div class=\"entry-summary\">\n\t\t<p>Hallo Freunde :), Ich dachte mir ich starte eine neue Serie, n\u00e4mlich die Serie &#8222;Nachhaltig zur Uni&#8220;. Wie in unserer Bio beschrieben, gehe ich noch zur Uni und mache gerade mein Masterstudium. Und mit unseren generellen Antrengungen nachhaltiger zu leben, m\u00f6chte ich auch meinen Unialltag nachhaltiger gestalten. Neben ein paar Tipps, die ich euch geben [&hellip;]<\/p>\n\t<\/div><!-- .entry-summary -->\n\t<footer class=\"entry-footer\">\n\t\t\t<div class=\"entry-actions\">\n\t\t\t<p class=\"more-link-wrap\">\n\t\t\t\t<a href=\"https:\/\/isilex-go-green.de\/en\/nachhaltiger-zur-uni-teil-1\/\" class=\"post-more-link\">\n\t\t\t\t\tRead More<span class=\"screen-reader-text\"> Nachhaltiger zur Uni (Teil 1)<\/span><span class=\"kadence-svg-iconset svg-baseline\"><svg aria-hidden=\"true\" class=\"kadence-svg-icon kadence-arrow-right-alt-svg\" fill=\"currentColor\" version=\"1.1\" xmlns=\"http:\/\/www.w3.org\/2000\/svg\" width=\"27\" height=\"28\" viewBox=\"0 0 27 28\"><title>Continue<\/title><path d=\"M27 13.953c0 0.141-0.063 0.281-0.156 0.375l-6 5.531c-0.156 0.141-0.359 0.172-0.547 0.094-0.172-0.078-0.297-0.25-0.297-0.453v-3.5h-19.5c-0.281 0-0.5-0.219-0.5-0.5v-3c0-0.281 0.219-0.5 0.5-0.5h19.5v-3.5c0-0.203 0.109-0.375 0.297-0.453s0.391-0.047 0.547 0.078l6 5.469c0.094 0.094 0.156 0.219 0.156 0.359v0z\"><\/path>\n\t\t\t<\/svg><\/span>\t\t\t\t<\/a>\n\t\t\t<\/p>\n\t\t<\/div><!-- .entry-actions -->\n\t\t<\/footer><!-- .entry-footer -->\t\t<\/div>\n\t<\/article>\n<\/li>\n<li class=\"kb-post-list-item\">\n\t<article class=\"entry content-bg loop-entry post-580 post type-post status-publish format-standard has-post-thumbnail hentry category-de_alexstuff tag-basteln tag-diy tag-wohnen\">\n\t\t\t\t<a aria-hidden=\"true\" tabindex=\"-1\" role=\"presentation\" class=\"post-thumbnail kadence-thumbnail-ratio-1-1\" href=\"https:\/\/isilex-go-green.de\/en\/diy-esstischprojekt-1-der-zuschnitt\/\" aria-label=\"DIY Esstischprojekt #1: Der Zuschnitt\">\n\t\t\t<div class=\"post-thumbnail-inner\">\n\t\t\t\t<img loading=\"lazy\" decoding=\"async\" width=\"300\" height=\"225\" src=\"https:\/\/isilex-go-green.de\/wp-content\/uploads\/2023\/07\/20230708_181649000_iOS-300x225.jpg\" class=\"attachment-medium size-medium wp-post-image\" alt=\"DIY Esstischprojekt #1: Der Zuschnitt\" srcset=\"https:\/\/isilex-go-green.de\/wp-content\/uploads\/2023\/07\/20230708_181649000_iOS-300x225.jpg 300w, https:\/\/isilex-go-green.de\/wp-content\/uploads\/2023\/07\/20230708_181649000_iOS-1024x768.jpg 1024w, https:\/\/isilex-go-green.de\/wp-content\/uploads\/2023\/07\/20230708_181649000_iOS-768x576.jpg 768w, https:\/\/isilex-go-green.de\/wp-content\/uploads\/2023\/07\/20230708_181649000_iOS-1536x1152.jpg 1536w, https:\/\/isilex-go-green.de\/wp-content\/uploads\/2023\/07\/20230708_181649000_iOS-2048x1535.jpg 2048w\" sizes=\"auto, (max-width: 300px) 100vw, 300px\" \/>\t\t\t<\/div>\n\t\t<\/a><!-- .post-thumbnail -->\n\t\t\t\t<div class=\"entry-content-wrap\">\n\t\t\t<header class=\"entry-header\">\n\t\t<div class=\"entry-taxonomies\">\n\t\t<span class=\"category-links term-links category-style-normal\">\n\t\t\t<a href=\"https:\/\/isilex-go-green.de\/en\/category\/de_alexstuff\/\" rel=\"category tag\">Alex&#8217;s Zeug<\/a>\t\t<\/span>\n\t<\/div><!-- .entry-taxonomies -->\n\t<h5 class=\"entry-title\"><a href=\"https:\/\/isilex-go-green.de\/en\/diy-esstischprojekt-1-der-zuschnitt\/\" rel=\"bookmark\">DIY Esstischprojekt #1: Der Zuschnitt<\/a><\/h5>\t<div class=\"entry-meta entry-meta-divider-dot\">\n\t<span class=\"posted-by\"><span class=\"author vcard\"><span class=\"fn n\">Alexander<\/span><\/span><\/span>\t\t\t<span class=\"posted-on\">\n\t\t\t\t<time class=\"entry-date published\" datetime=\"2023-07-09T14:30:57+02:00\">9. July 2023<\/time><time class=\"updated\" datetime=\"2023-07-09T14:30:59+02:00\">9. July 2023<\/time>\t\t\t<\/span>\n\t\t\t\t<\/div><!-- .entry-meta -->\n\t<\/header><!-- .entry-header -->\n\t<div class=\"entry-summary\">\n\t\t<p>Einleitung Da uns nach unserem gemeinsamen Umzug noch ein Esstisch fehlt, haben wir uns entschlossen einen Esstisch selbst zu bauen. Wunsch ist es, m\u00f6glichst wenig neue Materialien einzukaufen. Daher verwenden wir ausschlie\u00dflich gebrauchte H\u00f6lzer, die uns zur Verf\u00fcgung gestellt wurden und sonst nur zum Verfeuern gedient oder weitere Jahre herumgelegen h\u00e4tten, bis Mutter Natur es [&hellip;]<\/p>\n\t<\/div><!-- .entry-summary -->\n\t<footer class=\"entry-footer\">\n\t\t\t<div class=\"entry-actions\">\n\t\t\t<p class=\"more-link-wrap\">\n\t\t\t\t<a href=\"https:\/\/isilex-go-green.de\/en\/diy-esstischprojekt-1-der-zuschnitt\/\" class=\"post-more-link\">\n\t\t\t\t\tRead More<span class=\"screen-reader-text\"> DIY Esstischprojekt #1: Der Zuschnitt<\/span><span class=\"kadence-svg-iconset svg-baseline\"><svg aria-hidden=\"true\" class=\"kadence-svg-icon kadence-arrow-right-alt-svg\" fill=\"currentColor\" version=\"1.1\" xmlns=\"http:\/\/www.w3.org\/2000\/svg\" width=\"27\" height=\"28\" viewBox=\"0 0 27 28\"><title>Continue<\/title><path d=\"M27 13.953c0 0.141-0.063 0.281-0.156 0.375l-6 5.531c-0.156 0.141-0.359 0.172-0.547 0.094-0.172-0.078-0.297-0.25-0.297-0.453v-3.5h-19.5c-0.281 0-0.5-0.219-0.5-0.5v-3c0-0.281 0.219-0.5 0.5-0.5h19.5v-3.5c0-0.203 0.109-0.375 0.297-0.453s0.391-0.047 0.547 0.078l6 5.469c0.094 0.094 0.156 0.219 0.156 0.359v0z\"><\/path>\n\t\t\t<\/svg><\/span>\t\t\t\t<\/a>\n\t\t\t<\/p>\n\t\t<\/div><!-- .entry-actions -->\n\t\t<\/footer><!-- .entry-footer -->\t\t<\/div>\n\t<\/article>\n<\/li>\n<\/ul>\n\n\n<p><\/p>\n","protected":false},"excerpt":{"rendered":"<p>Hall\u00f6chen zun\u00e4chst einmal und sch\u00f6n, dass du zu uns gefunden hast! Wir sind ein junges P\u00e4rchen, welches versucht seinen \u00f6kologischen Fu\u00dfabdruck zu verbessern und wir m\u00f6chten das mit dir teilen! Dar\u00fcber hinaus dient dieser Blog f\u00fcr uns (Isabelle &amp; Alex) als M\u00f6glichkeit der Selbstreflexion, um zu \u00fcberpr\u00fcfen wie Nachhaltig wir wirklich sind und an welchen [&hellip;]<\/p>\n","protected":false},"author":1,"featured_media":0,"parent":0,"menu_order":0,"comment_status":"closed","ping_status":"closed","template":"page-large-header","meta":{"give_campaign_id":0,"footnotes":""},"class_list":["post-106","page","type-page","status-publish","hentry"],"campaignId":"","_links":{"self":[{"href":"https:\/\/isilex-go-green.de\/en\/wp-json\/wp\/v2\/pages\/106","targetHints":{"allow":["GET"]}}],"collection":[{"href":"https:\/\/isilex-go-green.de\/en\/wp-json\/wp\/v2\/pages"}],"about":[{"href":"https:\/\/isilex-go-green.de\/en\/wp-json\/wp\/v2\/types\/page"}],"author":[{"embeddable":true,"href":"https:\/\/isilex-go-green.de\/en\/wp-json\/wp\/v2\/users\/1"}],"replies":[{"embeddable":true,"href":"https:\/\/isilex-go-green.de\/en\/wp-json\/wp\/v2\/comments?post=106"}],"version-history":[{"count":6,"href":"https:\/\/isilex-go-green.de\/en\/wp-json\/wp\/v2\/pages\/106\/revisions"}],"predecessor-version":[{"id":552,"href":"https:\/\/isilex-go-green.de\/en\/wp-json\/wp\/v2\/pages\/106\/revisions\/552"}],"wp:attachment":[{"href":"https:\/\/isilex-go-green.de\/en\/wp-json\/wp\/v2\/media?parent=106"}],"curies":[{"name":"wp","href":"https:\/\/api.w.org\/{rel}","templated":true}]}}